{"id":1818,"date":"2024-05-19T15:43:47","date_gmt":"2024-05-19T15:43:47","guid":{"rendered":"http:\/\/mrroibrand.com\/?page_id=1818"},"modified":"2024-05-24T19:58:31","modified_gmt":"2024-05-24T19:58:31","slug":"mrroibrand-landing","status":"publish","type":"page","link":"https:\/\/mrroibrand.com\/","title":{"rendered":"MrRoibrand Landing"},"content":{"rendered":"\t\t<div data-elementor-type=\"wp-page\" data-elementor-id=\"1818\" class=\"elementor elementor-1818\">\n\t\t\t\t\t\t<section class=\"elementor-section elementor-top-section elementor-element elementor-element-46cb24db elementor-section-boxed elementor-section-height-default elementor-section-height-default\" data-id=\"46cb24db\" data-element_type=\"section\">\n\t\t\t\t\t\t<div class=\"elementor-container elementor-column-gap-default\">\n\t\t\t\t\t<div class=\"elementor-column elementor-col-100 elementor-top-column elementor-element elementor-element-51de8c2\" data-id=\"51de8c2\" data-element_type=\"column\">\n\t\t\t<div class=\"elementor-widget-wrap elementor-element-populated\">\n\t\t\t\t\t\t<div class=\"elementor-element elementor-element-4be8fa98 elementor-hidden-tablet elementor-hidden-mobile elementor-widget elementor-widget-image\" data-id=\"4be8fa98\" data-element_type=\"widget\" data-widget_type=\"image.default\">\n\t\t\t\t<div class=\"elementor-widget-container\">\n\t\t\t\t\t\t\t\t\t\t\t\t\t<img fetchpriority=\"high\" decoding=\"async\" width=\"1024\" height=\"234\" src=\"https:\/\/mrroibrand.com\/wp-content\/uploads\/2024\/05\/Mr.-Roibrand-e1716133693397-1024x234.png\" class=\"attachment-large size-large wp-image-1822\" alt=\"mr roibrand\" srcset=\"https:\/\/mrroibrand.com\/wp-content\/uploads\/2024\/05\/Mr.-Roibrand-e1716133693397-1024x234.png 1024w, https:\/\/mrroibrand.com\/wp-content\/uploads\/2024\/05\/Mr.-Roibrand-e1716133693397-300x68.png 300w, https:\/\/mrroibrand.com\/wp-content\/uploads\/2024\/05\/Mr.-Roibrand-e1716133693397-768x175.png 768w, https:\/\/mrroibrand.com\/wp-content\/uploads\/2024\/05\/Mr.-Roibrand-e1716133693397-1536x350.png 1536w, https:\/\/mrroibrand.com\/wp-content\/uploads\/2024\/05\/Mr.-Roibrand-e1716133693397.png 2048w\" sizes=\"(max-width: 1024px) 100vw, 1024px\" \/>\t\t\t\t\t\t\t\t\t\t\t\t\t<\/div>\n\t\t\t\t<\/div>\n\t\t\t\t<div class=\"elementor-element elementor-element-f4495d6 elementor-hidden-desktop elementor-widget elementor-widget-image\" data-id=\"f4495d6\" data-element_type=\"widget\" data-widget_type=\"image.default\">\n\t\t\t\t<div class=\"elementor-widget-container\">\n\t\t\t\t\t\t\t\t\t\t\t\t\t<img fetchpriority=\"high\" decoding=\"async\" width=\"1024\" height=\"234\" src=\"https:\/\/mrroibrand.com\/wp-content\/uploads\/2024\/05\/Mr.-Roibrand-e1716133693397-1024x234.png\" class=\"attachment-large size-large wp-image-1822\" alt=\"mr roibrand\" srcset=\"https:\/\/mrroibrand.com\/wp-content\/uploads\/2024\/05\/Mr.-Roibrand-e1716133693397-1024x234.png 1024w, https:\/\/mrroibrand.com\/wp-content\/uploads\/2024\/05\/Mr.-Roibrand-e1716133693397-300x68.png 300w, https:\/\/mrroibrand.com\/wp-content\/uploads\/2024\/05\/Mr.-Roibrand-e1716133693397-768x175.png 768w, https:\/\/mrroibrand.com\/wp-content\/uploads\/2024\/05\/Mr.-Roibrand-e1716133693397-1536x350.png 1536w, https:\/\/mrroibrand.com\/wp-content\/uploads\/2024\/05\/Mr.-Roibrand-e1716133693397.png 2048w\" sizes=\"(max-width: 1024px) 100vw, 1024px\" \/>\t\t\t\t\t\t\t\t\t\t\t\t\t<\/div>\n\t\t\t\t<\/div>\n\t\t\t\t<div class=\"elementor-element elementor-element-70a0409c elementor-widget elementor-widget-image\" data-id=\"70a0409c\" data-element_type=\"widget\" data-widget_type=\"image.default\">\n\t\t\t\t<div class=\"elementor-widget-container\">\n\t\t\t\t\t\t\t\t\t\t\t\t\t<img decoding=\"async\" width=\"1024\" height=\"257\" src=\"https:\/\/mrroibrand.com\/wp-content\/uploads\/2024\/05\/mr-roibrand-partners-1024x257.png\" class=\"attachment-large size-large wp-image-1829\" alt=\"\" srcset=\"https:\/\/mrroibrand.com\/wp-content\/uploads\/2024\/05\/mr-roibrand-partners-1024x257.png 1024w, https:\/\/mrroibrand.com\/wp-content\/uploads\/2024\/05\/mr-roibrand-partners-300x75.png 300w, https:\/\/mrroibrand.com\/wp-content\/uploads\/2024\/05\/mr-roibrand-partners-768x193.png 768w, https:\/\/mrroibrand.com\/wp-content\/uploads\/2024\/05\/mr-roibrand-partners.png 1332w\" sizes=\"(max-width: 1024px) 100vw, 1024px\" \/>\t\t\t\t\t\t\t\t\t\t\t\t\t<\/div>\n\t\t\t\t<\/div>\n\t\t\t\t\t<\/div>\n\t\t<\/div>\n\t\t\t\t\t<\/div>\n\t\t<\/section>\n\t\t\t\t<section class=\"elementor-section elementor-top-section elementor-element elementor-element-3979547b elementor-section-boxed elementor-section-height-default elementor-section-height-default\" data-id=\"3979547b\" data-element_type=\"section\">\n\t\t\t\t\t\t<div class=\"elementor-container elementor-column-gap-default\">\n\t\t\t\t\t<div class=\"elementor-column elementor-col-100 elementor-top-column elementor-element elementor-element-1bce8af6\" data-id=\"1bce8af6\" data-element_type=\"column\">\n\t\t\t<div class=\"elementor-widget-wrap elementor-element-populated\">\n\t\t\t\t\t\t<div class=\"elementor-element elementor-element-3da681b6 elementor-widget elementor-widget-heading\" data-id=\"3da681b6\" data-element_type=\"widget\" data-widget_type=\"heading.default\">\n\t\t\t\t<div class=\"elementor-widget-container\">\n\t\t\t<h2 class=\"elementor-heading-title elementor-size-default\">Si has llegado hasta aqu\u00ed es porque la psicolog\u00eda humana tiene la compleja debilidad de ser manipulable. <br><br>Las personas tienen dos sistemas de toma de decisiones: uno autom\u00e1tico, subconsciente y r\u00e1pido; y otro l\u00f3gico, calculador y lento. <br><br>A partir de estos 2 sistemas, las personas creen que toman las decisiones de su vida. <br><br>Creen. <br><br>La toma de decisi\u00f3n de una persona se puede hackear. Esto es justo lo que hemos hecho para hacerte venir hasta aqu\u00ed. <br><br><strong>El enemigo com\u00fan<\/strong><br>\nCuando la marca y el potencial cliente tienen un enemigo com\u00fan la capacidad de atracci\u00f3n se dispara. Nosotros hemos buscado un enemigo en com\u00fan contigo: el mal marketing. \nTodos nuestras publicaciones de Instagram apelan a ello. <br><br><strong>Fluidez<\/strong> <br>\nCuando procesamos la informaci\u00f3n de manera fluida y r\u00e1pida experimentamos sensaciones positivas. Los mensajes y dise\u00f1os sencillos pueden pasar desapercibidos, pero aumentan la legibilidad y la atenci\u00f3n rompiendo las reglas dentro de un mundo de wow effect y reels.<br><br><strong>Autopersuasi\u00f3n<\/strong><br>\nEl mayor obst\u00e1culo a la hora de persuadir a alguien es superar su resistencia a la influencia externa. Persuadirle cuando tienes un enemigo en com\u00fan (punto 1) hace que \u00e9l mismo se persuada de que te necesita.<br><br><strong>Conexi\u00f3n<\/strong><br>\nHemos creado una conexi\u00f3n basada en el humor (inteligente). Incrementa el atractivo y simpat\u00eda en la mente del receptor. Aumenta el afecto inconsciente y es especialmente eficaz cuando se trata de influir en decisiones de compra.<br> <br>\n\nEsto es lo que hacemos. Por eso has llegado aqu\u00ed.<br> <br>Estrategias de Marketing digital bien ejecutadas impulsadas por campa\u00f1as de performance. El objetivo: resultados.\n\n\n<br><\/h2>\t\t<\/div>\n\t\t\t\t<\/div>\n\t\t\t\t\t<\/div>\n\t\t<\/div>\n\t\t\t\t\t<\/div>\n\t\t<\/section>\n\t\t\t\t<section class=\"elementor-section elementor-top-section elementor-element elementor-element-28a0a357 elementor-section-boxed elementor-section-height-default elementor-section-height-default\" data-id=\"28a0a357\" data-element_type=\"section\">\n\t\t\t\t\t\t<div class=\"elementor-container elementor-column-gap-default\">\n\t\t\t\t\t<div class=\"elementor-column elementor-col-100 elementor-top-column elementor-element elementor-element-377eab7c\" data-id=\"377eab7c\" data-element_type=\"column\">\n\t\t\t<div class=\"elementor-widget-wrap elementor-element-populated\">\n\t\t\t\t\t\t<div class=\"elementor-element elementor-element-47f6c870 elementor-widget elementor-widget-heading\" data-id=\"47f6c870\" data-element_type=\"widget\" data-widget_type=\"heading.default\">\n\t\t\t\t<div class=\"elementor-widget-container\">\n\t\t\t<h2 class=\"elementor-heading-title elementor-size-default\">Si buscas campa\u00f1as de publicidad online de alta conversi\u00f3n: rellena este formulario. \nSi no: Suerte<img decoding=\"async\" draggable=\"false\" role=\"img\" class=\"emoji\" alt=\"\ud83d\ude4b\u200d\u2642\ufe0f\" src=\"https:\/\/s.w.org\/images\/core\/emoji\/15.0.3\/svg\/1f64b-200d-2642-fe0f.svg\"> <\/h2>\t\t<\/div>\n\t\t\t\t<\/div>\n\t\t\t\t<div class=\"elementor-element elementor-element-6f01cad5 elementor-widget elementor-widget-shortcode\" data-id=\"6f01cad5\" data-element_type=\"widget\" data-widget_type=\"shortcode.default\">\n\t\t\t\t<div class=\"elementor-widget-container\">\n\t\t\t\t\t<div class=\"elementor-shortcode\">\n<div class=\"wpcf7 no-js\" id=\"wpcf7-f1817-o1\" lang=\"es-ES\" dir=\"ltr\">\n<div class=\"screen-reader-response\"><p role=\"status\" aria-live=\"polite\" aria-atomic=\"true\"><\/p> <ul><\/ul><\/div>\n<form action=\"\/index.php?rest_route=%2Fwp%2Fv2%2Fpages%2F1818#wpcf7-f1817-o1\" method=\"post\" class=\"wpcf7-form init\" aria-label=\"Formulario de contacto\" novalidate=\"novalidate\" data-status=\"init\">\n<div style=\"display: none;\">\n<input type=\"hidden\" name=\"_wpcf7\" value=\"1817\" \/>\n<input type=\"hidden\" name=\"_wpcf7_version\" value=\"5.9.4\" \/>\n<input type=\"hidden\" name=\"_wpcf7_locale\" value=\"es_ES\" \/>\n<input type=\"hidden\" name=\"_wpcf7_unit_tag\" value=\"wpcf7-f1817-o1\" \/>\n<input type=\"hidden\" name=\"_wpcf7_container_post\" value=\"0\" \/>\n<input type=\"hidden\" name=\"_wpcf7_posted_data_hash\" value=\"\" \/>\n<\/div>\n<p><label> <strong>Nombre Completo:*<\/strong><br \/>\n<span class=\"wpcf7-form-control-wrap\" data-name=\"your-name\"><input size=\"40\" class=\"wpcf7-form-control wpcf7-text wpcf7-validates-as-required\" autocomplete=\"name\" aria-required=\"true\" aria-invalid=\"false\" value=\"\" type=\"text\" name=\"your-name\" \/><\/span> <\/label>\n<\/p>\n<p><label> <strong>Correo electr\u00f3nico de empresa:*<\/strong><br \/>\n<span style=\"font-size: 14px;\">Si no das tu email de empresa probablemente no te respondamos.<\/span><br \/>\n<span class=\"wpcf7-form-control-wrap\" data-name=\"your-email\"><input size=\"40\" class=\"wpcf7-form-control wpcf7-email wpcf7-validates-as-required wpcf7-text wpcf7-validates-as-email\" autocomplete=\"email\" aria-required=\"true\" aria-invalid=\"false\" value=\"\" type=\"email\" name=\"your-email\" \/><\/span> <\/label>\n<\/p>\n<p><label> <strong>Tel\u00e9fono:*<\/strong><br \/>\n<span class=\"wpcf7-form-control-wrap\" data-name=\"your-phone\"><input size=\"40\" class=\"wpcf7-form-control wpcf7-tel wpcf7-validates-as-required wpcf7-text wpcf7-validates-as-tel\" autocomplete=\"phone\" aria-required=\"true\" aria-invalid=\"false\" value=\"\" type=\"tel\" name=\"your-phone\" \/><\/span> <\/label>\n<\/p>\n<p><label> <strong>Web de Empresa:*<\/strong><br \/>\n<span class=\"wpcf7-form-control-wrap\" data-name=\"url-145\"><input size=\"40\" class=\"wpcf7-form-control wpcf7-url wpcf7-validates-as-required wpcf7-text wpcf7-validates-as-url\" aria-required=\"true\" aria-invalid=\"false\" value=\"\" type=\"url\" name=\"url-145\" \/><\/span> <\/label>\n<\/p>\n<p><label> <strong>Tu objetivo es:*<\/strong><br \/>\n<span class=\"wpcf7-form-control-wrap\" data-name=\"radio-97\"><span class=\"wpcf7-form-control wpcf7-radio\"><span class=\"wpcf7-list-item first\"><label><input type=\"radio\" name=\"radio-97\" value=\"M\u00e1s Leads\" checked=\"checked\" \/><span class=\"wpcf7-list-item-label\">M\u00e1s Leads<\/span><\/label><\/span><span class=\"wpcf7-list-item last\"><label><input type=\"radio\" name=\"radio-97\" value=\"M\u00e1s ventas online\" \/><span class=\"wpcf7-list-item-label\">M\u00e1s ventas online<\/span><\/label><\/span><\/span><\/span><\/label>\n<\/p>\n<p><label> <strong>\u00bfCu\u00e1l es tu capacidad de inversi\u00f3n mensual en marketing online?*<\/strong><br \/>\n<span style=\"font-size: 14px;\">Si no tienes capacidad de inversi\u00f3n mensual en tu propio negocio, no pierdas el tiempo. Vuelve cuando la tengas.<\/span><\/label>\n<\/p>\n<p><span class=\"wpcf7-form-control-wrap\" data-name=\"radio-789\"><span class=\"wpcf7-form-control wpcf7-radio\"><span class=\"wpcf7-list-item first\"><label><input type=\"radio\" name=\"radio-789\" value=\"Entre 1.000\u20ac y 5.000\u20ac\/mes\" \/><span class=\"wpcf7-list-item-label\">Entre 1.000\u20ac y 5.000\u20ac\/mes<\/span><\/label><\/span><span class=\"wpcf7-list-item\"><label><input type=\"radio\" name=\"radio-789\" value=\"M\u00e1s de 5.000\u20ac\/mes\" \/><span class=\"wpcf7-list-item-label\">M\u00e1s de 5.000\u20ac\/mes<\/span><\/label><\/span><span class=\"wpcf7-list-item\"><label><input type=\"radio\" name=\"radio-789\" value=\"M\u00e1s de 10.000\u20ac\/mes\" \/><span class=\"wpcf7-list-item-label\">M\u00e1s de 10.000\u20ac\/mes<\/span><\/label><\/span><span class=\"wpcf7-list-item last\"><label><input type=\"radio\" name=\"radio-789\" value=\"M\u00e1s de 20.000\u20ac\/mes\" \/><span class=\"wpcf7-list-item-label\">M\u00e1s de 20.000\u20ac\/mes<\/span><\/label><\/span><\/span><\/span>\n<\/p>\n<p><label><\/label>\n<\/p>\n<p class=\"aceptacion\"><span class=\"wpcf7-form-control-wrap\" data-name=\"acceptance-291\"><span class=\"wpcf7-form-control wpcf7-acceptance\"><span class=\"wpcf7-list-item\"><label><input type=\"checkbox\" name=\"acceptance-291\" value=\"1\" aria-invalid=\"false\" \/><span class=\"wpcf7-list-item-label\">Acepto la <a href=\"\" target=\"_blank\"> Pol\u00edtica de Privacidad<\/a><\/span><\/label><\/span><\/span><\/span>\n<\/p>\n<p><input class=\"wpcf7-form-control wpcf7-submit has-spinner\" type=\"submit\" value=\"Enviar\" \/>\n<\/p><div class=\"wpcf7-response-output\" aria-hidden=\"true\"><\/div>\n<\/form>\n<\/div>\n<\/div>\n\t\t\t\t<\/div>\n\t\t\t\t<\/div>\n\t\t\t\t<div class=\"elementor-element elementor-element-30ec6912 elementor-widget elementor-widget-heading\" data-id=\"30ec6912\" data-element_type=\"widget\" data-widget_type=\"heading.default\">\n\t\t\t\t<div class=\"elementor-widget-container\">\n\t\t\t<h3 class=\"elementor-heading-title elementor-size-default\">Si solo has venido porque eres muy fan....<br><\/h3>\t\t<\/div>\n\t\t\t\t<\/div>\n\t\t\t\t<div class=\"elementor-element elementor-element-7a95ee13 elementor-widget elementor-widget-html\" data-id=\"7a95ee13\" data-element_type=\"widget\" data-widget_type=\"html.default\">\n\t\t\t\t<div class=\"elementor-widget-container\">\n\t\t\t<div style=\"width:100%;height:0;padding-bottom:124%;position:relative;\"><iframe src=\"https:\/\/giphy.com\/embed\/HiIO8LdtQdjA4\" width=\"100%\" height=\"100%\" style=\"position:absolute\" frameBorder=\"0\" class=\"giphy-embed\" allowFullScreen><\/iframe><\/div>\t\t<\/div>\n\t\t\t\t<\/div>\n\t\t\t\t\t<\/div>\n\t\t<\/div>\n\t\t\t\t\t<\/div>\n\t\t<\/section>\n\t\t\t\t<\/div>\n\t\t","protected":false},"excerpt":{"rendered":"<p>Si has llegado hasta aqu\u00ed es porque la psicolog\u00eda humana tiene la compleja debilidad de ser manipulable. Las personas tienen dos sistemas de toma de decisiones: uno autom\u00e1tico, subconsciente y r\u00e1pido; y otro l\u00f3gico, calculador y lento. A partir de estos 2 sistemas, las personas creen que toman las decisiones de su vida. Creen. La [&hellip;]<\/p>\n","protected":false},"author":1,"featured_media":0,"parent":0,"menu_order":0,"comment_status":"closed","ping_status":"closed","template":"elementor_canvas","meta":{"site-sidebar-layout":"no-sidebar","site-content-layout":"page-builder","ast-site-content-layout":"full-width-container","site-content-style":"default","site-sidebar-style":"default","ast-global-header-display":"","ast-banner-title-visibility":"","ast-main-header-display":"","ast-hfb-above-header-display":"","ast-hfb-below-header-display":"","ast-hfb-mobile-header-display":"","site-post-title":"disabled","ast-breadcrumbs-content":"","ast-featured-img":"disabled","footer-sml-layout":"","theme-transparent-header-meta":"","adv-header-id-meta":"","stick-header-meta":"","header-above-stick-meta":"","header-main-stick-meta":"","header-below-stick-meta":"","astra-migrate-meta-layouts":"set","ast-page-background-enabled":"default","ast-page-background-meta":{"desktop":{"background-color":"var(--ast-global-color-4)","background-image":"","background-repeat":"repeat","background-position":"center center","background-size":"auto","background-attachment":"scroll","background-type":"","background-media":"","overlay-type":"","overlay-color":"","overlay-gradient":""},"tablet":{"background-color":"","background-image":"","background-repeat":"repeat","background-position":"center center","background-size":"auto","background-attachment":"scroll","background-type":"","background-media":"","overlay-type":"","overlay-color":"","overlay-gradient":""},"mobile":{"background-color":"","background-image":"","background-repeat":"repeat","background-position":"center center","background-size":"auto","background-attachment":"scroll","background-type":"","background-media":"","overlay-type":"","overlay-color":"","overlay-gradient":""}},"ast-content-background-meta":{"desktop":{"background-color":"var(--ast-global-color-5)","background-image":"","background-repeat":"repeat","background-position":"center center","background-size":"auto","background-attachment":"scroll","background-type":"","background-media":"","overlay-type":"","overlay-color":"","overlay-gradient":""},"tablet":{"background-color":"var(--ast-global-color-5)","background-image":"","background-repeat":"repeat","background-position":"center center","background-size":"auto","background-attachment":"scroll","background-type":"","background-media":"","overlay-type":"","overlay-color":"","overlay-gradient":""},"mobile":{"background-color":"var(--ast-global-color-5)","background-image":"","background-repeat":"repeat","background-position":"center center","background-size":"auto","background-attachment":"scroll","background-type":"","background-media":"","overlay-type":"","overlay-color":"","overlay-gradient":""}},"footnotes":""},"class_list":["post-1818","page","type-page","status-publish","hentry"],"_links":{"self":[{"href":"https:\/\/mrroibrand.com\/index.php?rest_route=\/wp\/v2\/pages\/1818","targetHints":{"allow":["GET"]}}],"collection":[{"href":"https:\/\/mrroibrand.com\/index.php?rest_route=\/wp\/v2\/pages"}],"about":[{"href":"https:\/\/mrroibrand.com\/index.php?rest_route=\/wp\/v2\/types\/page"}],"author":[{"embeddable":true,"href":"https:\/\/mrroibrand.com\/index.php?rest_route=\/wp\/v2\/users\/1"}],"replies":[{"embeddable":true,"href":"https:\/\/mrroibrand.com\/index.php?rest_route=%2Fwp%2Fv2%2Fcomments&post=1818"}],"version-history":[{"count":85,"href":"https:\/\/mrroibrand.com\/index.php?rest_route=\/wp\/v2\/pages\/1818\/revisions"}],"predecessor-version":[{"id":1938,"href":"https:\/\/mrroibrand.com\/index.php?rest_route=\/wp\/v2\/pages\/1818\/revisions\/1938"}],"wp:attachment":[{"href":"https:\/\/mrroibrand.com\/index.php?rest_route=%2Fwp%2Fv2%2Fmedia&parent=1818"}],"curies":[{"name":"wp","href":"https:\/\/api.w.org\/{rel}","templated":true}]}}